{"id":260,"date":"2018-04-20T15:16:51","date_gmt":"2018-04-20T13:16:51","guid":{"rendered":"http:\/\/www.encuentrodibujantes.cuadernosviajeros.com\/?page_id=260"},"modified":"2026-03-03T13:40:47","modified_gmt":"2026-03-03T11:40:47","slug":"inscripcion-cerrada","status":"publish","type":"page","link":"https:\/\/www.encuentrodibujantes.cuadernosviajeros.com\/?page_id=260","title":{"rendered":"Inscripci\u00f3n cerrada"},"content":{"rendered":"<p>La inscripci\u00f3n al evento para el a\u00f1o 2026 a\u00fan est\u00e1 cerrada.<\/p>\n","protected":false},"excerpt":{"rendered":"<p>La inscripci\u00f3n al evento para el a\u00f1o 2026 a\u00fan est\u00e1 cerrada.<\/p>\n","protected":false},"author":1,"featured_media":0,"parent":0,"menu_order":0,"comment_status":"closed","ping_status":"closed","template":"","meta":{"footnotes":""},"class_list":["post-260","page","type-page","status-publish","hentry"],"_links":{"self":[{"href":"https:\/\/www.encuentrodibujantes.cuadernosviajeros.com\/index.php?rest_route=\/wp\/v2\/pages\/260","targetHints":{"allow":["GET"]}}],"collection":[{"href":"https:\/\/www.encuentrodibujantes.cuadernosviajeros.com\/index.php?rest_route=\/wp\/v2\/pages"}],"about":[{"href":"https:\/\/www.encuentrodibujantes.cuadernosviajeros.com\/index.php?rest_route=\/wp\/v2\/types\/page"}],"author":[{"embeddable":true,"href":"https:\/\/www.encuentrodibujantes.cuadernosviajeros.com\/index.php?rest_route=\/wp\/v2\/users\/1"}],"replies":[{"embeddable":true,"href":"https:\/\/www.encuentrodibujantes.cuadernosviajeros.com\/index.php?rest_route=%2Fwp%2Fv2%2Fcomments&post=260"}],"version-history":[{"count":6,"href":"https:\/\/www.encuentrodibujantes.cuadernosviajeros.com\/index.php?rest_route=\/wp\/v2\/pages\/260\/revisions"}],"predecessor-version":[{"id":722,"href":"https:\/\/www.encuentrodibujantes.cuadernosviajeros.com\/index.php?rest_route=\/wp\/v2\/pages\/260\/revisions\/722"}],"wp:attachment":[{"href":"https:\/\/www.encuentrodibujantes.cuadernosviajeros.com\/index.php?rest_route=%2Fwp%2Fv2%2Fmedia&parent=260"}],"curies":[{"name":"wp","href":"https:\/\/api.w.org\/{rel}","templated":true}]}}