{"id":7,"date":"2015-04-15T15:14:20","date_gmt":"2015-04-15T15:14:20","guid":{"rendered":"http:\/\/www.encuentrodibujantes.cuadernosviajeros.com\/?page_id=7"},"modified":"2026-03-03T13:26:03","modified_gmt":"2026-03-03T11:26:03","slug":"presentacion","status":"publish","type":"page","link":"https:\/\/www.encuentrodibujantes.cuadernosviajeros.com\/?page_id=7","title":{"rendered":"Presentaci\u00f3n"},"content":{"rendered":"<p style=\"text-align: center;\"><strong>12\u00ba Encuentro de dibujantes urbanos en Elche<\/strong><\/p>\n<p style=\"text-align: center;\"><strong><em>Dibujando entre Palmeras<\/em><\/strong><\/p>\n<p style=\"text-align: center;\">17, 18 y 19 de abril de 2026<\/p>\n<p style=\"text-align: center;\">Organizado por<\/p>\n<p style=\"text-align: center;\"><strong>Cuadernos Viajeros<\/strong><\/p>\n<p style=\"text-align: center;\">En colaboraci\u00f3n con<\/p>\n<p style=\"text-align: center;\"><strong>la concejal\u00eda de Cultura del Ayuntamiento de Elche<\/strong><\/p>\n<p style=\"text-align: center;\">y<\/p>\n<p style=\"text-align: center;\"><strong>Visitelche<\/strong><\/p>\n<p style=\"text-align: center;\">Con el patrocinio de los comercios de material art\u00edstico<\/p>\n<p style=\"text-align: center;\"><strong>Art &amp; Things<\/strong><\/p>\n<p style=\"text-align: center;\"><strong>Dintelpa<\/strong><\/p>\n<p style=\"text-align: center;\"><strong>Dol\u00e7a Bellas artes <\/strong><\/p>\n<p style=\"text-align: center;\"><strong>Lloc d\u2019Art <\/strong><\/p>\n<p style=\"text-align: center;\">\n<p style=\"text-align: center;\">Los dibujantes urbanos se distinguen por dibujar en grupo en el espacio p\u00fablico, sobre cuaderno y con cualquier medio y t\u00e9cnica que sea \u00fatil a su sentido creativo m\u00e1s personal, sincero y espont\u00e1neo. Para ello, se elige un momento y un lugar del entorno cotidiano, en los que, desde la observaci\u00f3n directa y la veracidad, se ilustra lo percibido por medio del dibujo del natural in situ con la finalidad de compartir los resultados a trav\u00e9s de las redes sociales.<\/p>\n<p style=\"text-align: center;\">Esos tiempo y lugar necesarios para el desarrollo de la pr\u00e1ctica del dibujo urbano es lo que proporciona este <strong>12 Encuentro de dibujantes urbanos en Elche<\/strong>, a modo de convocatoria extraordinaria abierta a todos los interesados en el tema, en la que pueden satisfacer su afici\u00f3n <strong>dibujando entre palmeras<\/strong> y compartirla con otros colegas.<\/p>\n<p style=\"text-align: center;\">Es un modo diferente de habitar y conocer una ciudad, su patrimonio arquitect\u00f3nico y cultural, la belleza de sus parques y jardines, la cotidianeidad de sus calles y sus gentes\u2026, todo ello trasladado al papel con l\u00e1piz, tinta y acuarelas y difundido por internet.<\/p>\n<p style=\"text-align: center;\">Toda la informaci\u00f3n en <a href=\"http:\/\/www.cuadernosviajeros.com\">www.cuadernosviajeros.com<\/a><\/p>\n","protected":false},"excerpt":{"rendered":"<p>12\u00ba Encuentro de dibujantes urbanos en Elche Dibujando entre Palmeras 17, 18 y 19 de abril de 2026 Organizado por Cuadernos Viajeros En colaboraci\u00f3n con la concejal\u00eda de Cultura del Ayuntamiento de Elche y Visitelche Con el patrocinio de los comercios de material art\u00edstico Art &amp; Things Dintelpa Dol\u00e7a Bellas artes Lloc d\u2019Art Los dibujantes [&hellip;]<\/p>\n","protected":false},"author":1,"featured_media":0,"parent":0,"menu_order":0,"comment_status":"closed","ping_status":"open","template":"","meta":{"footnotes":""},"class_list":["post-7","page","type-page","status-publish","hentry"],"_links":{"self":[{"href":"https:\/\/www.encuentrodibujantes.cuadernosviajeros.com\/index.php?rest_route=\/wp\/v2\/pages\/7","targetHints":{"allow":["GET"]}}],"collection":[{"href":"https:\/\/www.encuentrodibujantes.cuadernosviajeros.com\/index.php?rest_route=\/wp\/v2\/pages"}],"about":[{"href":"https:\/\/www.encuentrodibujantes.cuadernosviajeros.com\/index.php?rest_route=\/wp\/v2\/types\/page"}],"author":[{"embeddable":true,"href":"https:\/\/www.encuentrodibujantes.cuadernosviajeros.com\/index.php?rest_route=\/wp\/v2\/users\/1"}],"replies":[{"embeddable":true,"href":"https:\/\/www.encuentrodibujantes.cuadernosviajeros.com\/index.php?rest_route=%2Fwp%2Fv2%2Fcomments&post=7"}],"version-history":[{"count":10,"href":"https:\/\/www.encuentrodibujantes.cuadernosviajeros.com\/index.php?rest_route=\/wp\/v2\/pages\/7\/revisions"}],"predecessor-version":[{"id":707,"href":"https:\/\/www.encuentrodibujantes.cuadernosviajeros.com\/index.php?rest_route=\/wp\/v2\/pages\/7\/revisions\/707"}],"wp:attachment":[{"href":"https:\/\/www.encuentrodibujantes.cuadernosviajeros.com\/index.php?rest_route=%2Fwp%2Fv2%2Fmedia&parent=7"}],"curies":[{"name":"wp","href":"https:\/\/api.w.org\/{rel}","templated":true}]}}